{"id":13,"date":"2018-04-13T11:59:30","date_gmt":"2018-04-13T09:59:30","guid":{"rendered":"http:\/\/www.katiaholainen.fi\/?page_id=13"},"modified":"2025-03-20T11:56:04","modified_gmt":"2025-03-20T09:56:04","slug":"etusivu","status":"publish","type":"page","link":"https:\/\/www.katiaholainen.fi\/","title":{"rendered":""},"content":{"rendered":"<div id=\"pl-13\"  class=\"panel-layout\" ><div id=\"pg-13-0\"  class=\"panel-grid panel-no-style\" ><div id=\"pgc-13-0-0\"  class=\"panel-grid-cell\" ><div id=\"panel-13-0-0-0\" class=\"so-panel widget widget_sow-editor panel-first-child panel-last-child\" data-index=\"0\" ><div\n\t\t\t\n\t\t\tclass=\"so-widget-sow-editor so-widget-sow-editor-base\"\n\t\t\t\n\t\t>\n<div class=\"siteorigin-widget-tinymce textwidget\">\n\t<blockquote>\n<p>Valmistuin filosofian maisteriksi Helsingin yliopistosta vuonna 2011 ja olen Valviran laillistama puheterapeutti. Toimin p\u00e4\u00e4toimisena yksityisen\u00e4 ammatinharjoittana p\u00e4\u00e4kaupunkiseudulla (<a href=\"http:\/\/www.katiaholainen.fi\/wp-content\/uploads\/2019\/08\/LKP_8944-Edit.jpg\"><img loading=\"lazy\" decoding=\"async\" class=\"alignright wp-image-279\" src=\"http:\/\/www.katiaholainen.fi\/wp-content\/uploads\/2019\/08\/LKP_8944-Edit-200x300.jpg\" alt=\"\" width=\"236\" height=\"354\" srcset=\"https:\/\/www.katiaholainen.fi\/wp-content\/uploads\/2019\/08\/LKP_8944-Edit-200x300.jpg 200w, https:\/\/www.katiaholainen.fi\/wp-content\/uploads\/2019\/08\/LKP_8944-Edit-768x1151.jpg 768w, https:\/\/www.katiaholainen.fi\/wp-content\/uploads\/2019\/08\/LKP_8944-Edit-684x1024.jpg 684w, https:\/\/www.katiaholainen.fi\/wp-content\/uploads\/2019\/08\/LKP_8944-Edit.jpg 1024w\" sizes=\"auto, (max-width: 236px) 100vw, 236px\" \/><\/a>Helsinki &amp; Espoo).<\/p>\n<\/blockquote>\n<p style=\"font-weight: 400;\">Minulla on vaativan l\u00e4\u00e4kinn\u00e4llisen kuntoutuksen suomenkielisen puheterapian hankintasopimus etel\u00e4isen vakuutuspiirin (kuntaryhm\u00e4, Helsinki) alueella ajalle 1.12.22 - 31.12.25. Teen puheterapiakuntoutusta my\u00f6s Espooseen alihankintana \u00c4\u00e4nnekoulun (Haukilahti) kautta 1.1.23 alkaen. Kelan kustantama puheterapia toteutuu koti-, p\u00e4iv\u00e4koti- tai kouluk\u00e4yntein\u00e4 asiakkaan arkiymp\u00e4rist\u00f6ss\u00e4. Pystyn my\u00f6s<br \/>\ntoteuttamaan et\u00e4puheterapiaa. Kuntoutujan etuudet ovat my\u00f6s Kelan rahoittamia. Minulla on voimassa oleva sopimus HUS-kuntayhtym\u00e4n kanssa, ja se on voimassa toistaiseksi.<\/p>\n<blockquote>\n<p style=\"font-weight: 400;\"><em>T\u00e4ll\u00e4 hetkell\u00e4 asiakaspaikat ovat t\u00e4ynn\u00e4. (p\u00e4ivitetty 20.3.2025)<\/em><\/p>\n<\/blockquote>\n<p style=\"font-weight: 400;\">Toteuttamani puheterapia on hyv\u00e4n kuntoutusk\u00e4yt\u00e4nn\u00f6n mukaista ja palveluiden tuottamisessa noudatan Kelan terapian palvelukuvausta. Palvelukuvauksessa m\u00e4\u00e4ritet\u00e4\u00e4n vaikeavammaisten l\u00e4\u00e4kinn\u00e4llisten avoterapiapalvelujen laatuvaatimukset, joiden tavoitteena on taata hyv\u00e4nlaatuiset palvelut ja varmistaa asiakkaan oikeudet. Kuntoutus perustuu asiakkaan hoitavan tahon laatimaan kuntoutussuunnitelmaan. Kuntoutuksella tuetaan vaikeavammaista asiakasta mahdollisimman itsen\u00e4iseen ja t\u00e4ysipainoiseen toimintaan ja osallistumiseen. L\u00e4ht\u00f6kohtana on asiakkaan tilanteen kokonaisvaltainen huomiointi, tavoitteiden asettaminen asiakasl\u00e4ht\u00f6isesti yhteisty\u00f6ss\u00e4 asiakkaan l\u00e4hiverkoston kanssa.<\/p>\n<h5><strong><u>Kiinnostuksen kohteet<\/u><\/strong><\/h5>\n<ul>\n<li>lasten kehityksellinen kielih\u00e4iri\u00f6 (ent. kielellinen erityisvaikeus)<\/li>\n<li>lasten viiv\u00e4stynyt puheen ja kielen kehitys<\/li>\n<li>AAC, eli puhetta tukevien ja korvaavien kommunikointikeinojen k\u00e4ytt\u00f6 ja ohjaus<\/li>\n<li>artikulaatioterapia<\/li>\n<li>dyspraksia<\/li>\n<li>aikuisneurologinen afasiakuntoutus<\/li>\n<\/ul>\n<p><strong>L\u00e4hteet ja lis\u00e4tietoa:<\/strong><\/p>\n<p>Tarkempia tietoja Kelan etuuksista, kuten kuntoutuksesta, matkakorvauksista ja vammaisetuuksista l\u00f6yd\u00e4t osoitteesta\u00a0<a href=\"http:\/\/www.kela.fi\" target=\"_blank\" rel=\"noopener\">www.kela.fi<\/a> . Tarvittaessa ota yhteytt\u00e4 Kelaan. Etuuskohtaiset palvelunumerot l\u00f6ytyv\u00e4t Kelan verkkosivuilta kohdasta Asiakaspalvelu &gt;\u00a0 Soita Kelaan. Lis\u00e4ksi Kelan toimistojen osoitteet l\u00f6ytyv\u00e4t samalta sivulta Asiakaspalvelu &gt; Tule k\u00e4ym\u00e4\u00e4n.<\/p>\n<p>Kelan <a href=\"https:\/\/www.kela.fi\/documents\/20124\/940710\/palvelukuvaus-vaativan-laakinnallisen-kuntoutuksen-yksiloterapiat.pdf\/200e3fed-12b2-a4c1-df3a-72feee7877ed?t=1661947698523\" target=\"_blank\" rel=\"noopener\">palvelukuvaus<\/a><\/p>\n<p><a href=\"https:\/\/www.kuntoutussaatio.fi\/\" target=\"_blank\" rel=\"noopener\" data-saferedirecturl=\"https:\/\/www.google.com\/url?hl=fi&amp;q=http:\/\/www.kuntoutusportti.fi\/portal\/fi\/kuntoutus&amp;source=gmail&amp;ust=1524079008051000&amp;usg=AFQjCNHwAhA-kJxJNwimUxxCDwCI8DejUg\">www.kuntoutussaatio.fi<\/a><\/p>\n<p><em>Sivusto p\u00e4ivitetty 20.3.2025<\/em><\/p>\n<\/div>\n<\/div><\/div><\/div><\/div><\/div>","protected":false},"excerpt":{"rendered":"<p>Valmistuin filosofian maisteriksi Helsingin yliopistosta vuonna 2011 ja olen Valviran laillistama puheterapeutti. Toimin p\u00e4\u00e4toimisena yksityisen\u00e4 ammatinharjoittana p\u00e4\u00e4kaupunkiseudulla (Helsinki &amp; Espoo). Minulla on vaativan l\u00e4\u00e4kinn\u00e4llisen kuntoutuksen suomenkielisen puheterapian hankintasopimus etel\u00e4isen vakuutuspiirin (kuntaryhm\u00e4, Helsinki) alueella ajalle 1.12.22 &#8211; 31.12.25. Teen puheterapiakuntoutusta my\u00f6s Espooseen alihankintana \u00c4\u00e4nnekoulun (Haukilahti) kautta 1.1.23 alkaen. Kelan kustantama puheterapia&hellip; <\/p>\n","protected":false},"author":1,"featured_media":0,"parent":0,"menu_order":0,"comment_status":"closed","ping_status":"closed","template":"","meta":{"footnotes":""},"class_list":["post-13","page","type-page","status-publish","hentry"],"_links":{"self":[{"href":"https:\/\/www.katiaholainen.fi\/index.php?rest_route=\/wp\/v2\/pages\/13","targetHints":{"allow":["GET"]}}],"collection":[{"href":"https:\/\/www.katiaholainen.fi\/index.php?rest_route=\/wp\/v2\/pages"}],"about":[{"href":"https:\/\/www.katiaholainen.fi\/index.php?rest_route=\/wp\/v2\/types\/page"}],"author":[{"embeddable":true,"href":"https:\/\/www.katiaholainen.fi\/index.php?rest_route=\/wp\/v2\/users\/1"}],"replies":[{"embeddable":true,"href":"https:\/\/www.katiaholainen.fi\/index.php?rest_route=%2Fwp%2Fv2%2Fcomments&post=13"}],"version-history":[{"count":159,"href":"https:\/\/www.katiaholainen.fi\/index.php?rest_route=\/wp\/v2\/pages\/13\/revisions"}],"predecessor-version":[{"id":466,"href":"https:\/\/www.katiaholainen.fi\/index.php?rest_route=\/wp\/v2\/pages\/13\/revisions\/466"}],"wp:attachment":[{"href":"https:\/\/www.katiaholainen.fi\/index.php?rest_route=%2Fwp%2Fv2%2Fmedia&parent=13"}],"curies":[{"name":"wp","href":"https:\/\/api.w.org\/{rel}","templated":true}]}}