{"id":130,"date":"2018-06-03T19:55:49","date_gmt":"2018-06-03T17:55:49","guid":{"rendered":"http:\/\/www.katiaholainen.fi\/?page_id=130"},"modified":"2025-03-20T11:59:44","modified_gmt":"2025-03-20T09:59:44","slug":"130-2","status":"publish","type":"page","link":"https:\/\/www.katiaholainen.fi\/?page_id=130","title":{"rendered":""},"content":{"rendered":"<blockquote>\n<p>Ammattitaidon kehitt\u00e4miseksi ja yll\u00e4pit\u00e4miseksi osallistun s\u00e4\u00e4nn\u00f6llisesti alamme jatko- ja t\u00e4ydennyskoulutuksiin sek\u00e4 ty\u00f6nohjaukseen. Minulla on voimassa oleva Ensiavun peruskurssi EA1 (SPR Helsinki). K\u00e4yt\u00e4n ty\u00f6ss\u00e4ni tukiviittomia ja kuvakommunikaatiota. Minulla on k\u00e4yt\u00f6ss\u00e4ni Boardmaker-ohjelma kuvakommunikaatiomateriaalin luomiseen.<\/p>\n<p><a href=\"https:\/\/www.katiaholainen.fi\/wp-content\/uploads\/2019\/08\/LKP_8975-Edit.jpg\"><img loading=\"lazy\" decoding=\"async\" class=\"alignright wp-image-278\" src=\"https:\/\/www.katiaholainen.fi\/wp-content\/uploads\/2019\/08\/LKP_8975-Edit.jpg\" alt=\"\" width=\"300\" height=\"449\" srcset=\"https:\/\/www.katiaholainen.fi\/wp-content\/uploads\/2019\/08\/LKP_8975-Edit.jpg 1024w, https:\/\/www.katiaholainen.fi\/wp-content\/uploads\/2019\/08\/LKP_8975-Edit-200x300.jpg 200w, https:\/\/www.katiaholainen.fi\/wp-content\/uploads\/2019\/08\/LKP_8975-Edit-768x1151.jpg 768w, https:\/\/www.katiaholainen.fi\/wp-content\/uploads\/2019\/08\/LKP_8975-Edit-684x1024.jpg 684w\" sizes=\"auto, (max-width: 300px) 100vw, 300px\" \/><\/a><\/p>\n<\/blockquote>\n<h5><strong><u>Alla on n\u00e4ht\u00e4vill\u00e4 suorittamani t\u00e4ydennyskoulutukset<\/u><\/strong><\/h5>\n<h5><strong>2025<\/strong><\/h5>\n<p>13.3.2025 \u00a0 \u00a0 \u00a0 \u00a0 \u00a0 \u00a0 \u00a0 \u00a0 \u00a0 \u00a0 \u00a0 \u00a0 Lukikuntoutuskoulutus puheterapeuteille (5,5h) &#8211; Paula Salmi, Niilo M\u00e4ki Instituutti<\/p>\n<h5><strong>2024<\/strong><\/h5>\n<p>8.11.2024\u00a0 \u00a0 \u00a0 \u00a0 \u00a0 \u00a0 \u00a0 \u00a0 \u00a0 \u00a0 \u00a0 \u00a0 \u00a0Kielioppi keski\u00f6ss\u00e4 &#8211; n\u00e4kemyksi\u00e4 omaksumisesta ja pohdintaa kuntoutuksesta (7,5h) &#8211; Suomen\u00a0 \u00a0 \u00a0 puheterapeuttiliitto ry, Puheterapeuttien Kustannus Oy<\/p>\n<p>13.6.2024\u00a0 \u00a0 \u00a0 \u00a0 \u00a0 \u00a0 \u00a0 \u00a0 \u00a0 \u00a0 \u00a0 \u00a0 \u00a0Tehoa nepsykuntoutukseen: ty\u00f6kalu vanhempainohjaukseen (14h) &#8211; Suomen Kuntoutuskouluttajat Oy<\/p>\n<h5><strong>2023<\/strong><\/h5>\n<p>1.12.2023\u00a0 \u00a0 \u00a0 \u00a0 \u00a0 \u00a0 \u00a0 \u00a0 \u00a0 \u00a0 \u00a0 \u00a0 \u00a0 Tehoa nepsykuntoutukseen: ty\u00f6kalu vanhempainohjaukseen (1pv\u00e4) &#8211; Suomen Kuntoutuskouluttajat Oy<\/p>\n<p>20.11.2023\u00a0 \u00a0 \u00a0 \u00a0 \u00a0 \u00a0 \u00a0 \u00a0 \u00a0 \u00a0 \u00a0 \u00a0 \u00a0Lis\u00e4\u00e4 varmuutta tavoitteenasetteluun &#8211; GAS-prosessi ICF-viitekehyksess\u00e4 (8h) &#8211; Puheterapiapalvelu\u00a0 \u00a0 \u00a0 \u00a0 \u00a0 \u00a0 \u00a0 \u00a0 \u00a0 \u00a0 \u00a0 \u00a0 \u00a0 \u00a0 \u00a0 \u00a0 \u00a0 \u00a0 \u00a0 \u00a0 \u00a0 \u00a0 \u00a0 \u00a0 \u00a0 \u00a0 \u00a0Vuorovaikutus<\/p>\n<p>8.11.2023\u00a0 \u00a0 \u00a0 \u00a0 \u00a0 \u00a0 \u00a0 \u00a0 \u00a0 \u00a0 \u00a0 \u00a0 \u00a0 \u00a0Kuntoutuksen vaikuttavuuden mittaaminen (8h) &#8211; Puheterapiapalvelu Vuorovaikutus<\/p>\n<p>12.6.2023\u00a0 \u00a0 \u00a0 \u00a0 \u00a0 \u00a0 \u00a0 \u00a0 \u00a0 \u00a0 \u00a0 \u00a0 \u00a0 \u00a0Lasten kerrontataidot &#8211; n\u00e4k\u00f6kulmia kehitykseen, haasteisiin ja kuntoutukseen (1pv\u00e4)<\/p>\n<p>2.6.2023\u00a0 \u00a0 \u00a0 \u00a0 \u00a0 \u00a0 \u00a0 \u00a0 \u00a0 \u00a0 \u00a0 \u00a0 \u00a0 \u00a0 \u00a0Lukikuntoutuksen palaset haltuun &#8211; Tehokoulutus puheterapeuteille kuntoutuksessa (7h)<\/p>\n<h5><strong>2022<\/strong><\/h5>\n<p>22.11.2022\u00a0 \u00a0 \u00a0 \u00a0 \u00a0 \u00a0 \u00a0 \u00a0 \u00a0 \u00a0 \u00a0 \u00a0 \u00a0Kerronnan pulmat: arviointi, kuntoutus ja vanhempien ohjaaminen (1pv)<\/p>\n<p>30.9.\/7.10.2022\u00a0 \u00a0 \u00a0 \u00a0 \u00a0 \u00a0 \u00a0 \u00a0 \u00a0 Lapsen mentalisaatiokehityksen tukeminen kuntoutuksessa (2pv)<\/p>\n<p>23.3.\/1.4.\/8.4.2022\u00a0 \u00a0 \u00a0 \u00a0 \u00a0 \u00a0 \u00a0Vuorovaikutuksen pulmien kuntouttaminen autisminkirjon asiakkaalla (6h)<\/p>\n<p>18.3.\/25.3.2022\u00a0 \u00a0 \u00a0 \u00a0 \u00a0 \u00a0 \u00a0 \u00a0 \u00a0 Mentalisaatio kuntouttajan mieless\u00e4 (2pv)<\/p>\n<p>4.2.2022\u00a0 \u00a0 \u00a0 \u00a0 \u00a0 \u00a0 \u00a0 \u00a0 \u00a0 \u00a0 \u00a0 \u00a0 \u00a0 \u00a0 \u00a0Mihin afasian puheterapia on menossa? (7h30min)<\/p>\n<p>3.2.2022\u00a0 \u00a0 \u00a0 \u00a0 \u00a0 \u00a0 \u00a0 \u00a0 \u00a0 \u00a0 \u00a0 \u00a0 \u00a0 \u00a0 \u00a0Motivaatio ja min\u00e4pystyvyys &#8211; kuntoutumisen mahdollistajat (7h)<\/p>\n<p>28.1.2022\u00a0 \u00a0 \u00a0 \u00a0 \u00a0 \u00a0 \u00a0 \u00a0 \u00a0 \u00a0 \u00a0 \u00a0 \u00a0 \u00a0Monikielisten lasten kuntoutus ja vanhempien ohjaaminen (1pv)<\/p>\n<p>1.1.2022\u00a0 \u00a0 \u00a0 \u00a0 \u00a0 \u00a0 \u00a0 \u00a0 \u00a0 \u00a0 \u00a0 \u00a0 \u00a0 \u00a0 \u00a0Kipin\u00e4\u00e4 ja k\u00e4yt\u00e4nn\u00f6n ideoita kuvakommunikointiin &#8211; verkkokoulutus (8h)<\/p>\n<h5><strong>2021<\/strong><\/h5>\n<p>5.11.2021\u00a0 \u00a0 \u00a0 \u00a0 \u00a0 \u00a0 \u00a0 \u00a0 \u00a0 \u00a0 \u00a0 \u00a0 \u00a0 \u00a0Neuropsykologisten haasteiden huomiointi kielih\u00e4iri\u00f6isten lasten puheterapiassa (7h30min)<\/p>\n<p>28.9.2021\u00a0 \u00a0 \u00a0 \u00a0 \u00a0 \u00a0 \u00a0 \u00a0 \u00a0 \u00a0 \u00a0 \u00a0 \u00a0 \u00a0Puheen ymm\u00e4rt\u00e4misen kuntoutus lapsilla ja\u00a0 nuorilla &#8211; ty\u00f6paja, Osa II (8h)<\/p>\n<p>11.2.2021\u00a0 \u00a0 \u00a0 \u00a0 \u00a0 \u00a0 \u00a0 \u00a0 \u00a0 \u00a0 \u00a0 \u00a0 \u00a0 \u00a0Lasten \u00e4nkytys &#8211; kohtaamisesta kuntoutukseen (7h)<\/p>\n<h5><strong>2020<\/strong><\/h5>\n<p>20.5.2020\u00a0 \u00a0 \u00a0 \u00a0 \u00a0 \u00a0 \u00a0 \u00a0 \u00a0 \u00a0 \u00a0 \u00a0 \u00a0 Yhteis\u00f6jen ohjaus terapiaty\u00f6ss\u00e4 (2h)<\/p>\n<p>23.3.2020\u00a0 \u00a0 \u00a0 \u00a0 \u00a0 \u00a0 \u00a0 \u00a0 \u00a0 \u00a0 \u00a0 \u00a0 \u00a0 Et\u00e4puheterapiaa-verkkokoulutus (4h)<\/p>\n<h5><strong>2018-19<\/strong><\/h5>\n<p>16.08.-11.10.2019\u00a0 \u00a0 \u00a0 \u00a0 \u00a0 \u00a0 \u00a0GAS-tavoitteen asettamisen ja saavuttamisen arvioinnin menetelm\u00e4 (3op)\u00a0 \u00a0 \u00a0 \u00a0 \u00a0 \u00a0 \u00a0 \u00a0 \u00a0 \u00a0 \u00a0 \u00a0\u00a0<\/p>\n<p>13.-15.06.2019\u00a0 \u00a0 \u00a0 \u00a0 \u00a0 \u00a0 \u00a0 \u00a0 \u00a0 7th Nordic Aphasia Conference &#8211; Afasian kuntoutustutkimusyhdistys Ry<\/p>\n<p>05.-06.06.2019\u00a0 \u00a0 \u00a0 \u00a0 \u00a0 \u00a0 \u00a0 \u00a0 \u00a0 3-Part Treatment Plan for OPT (Oral Placement Therapy) &#8211; Professio, Coronaria Kuntoutuspalvelut, yhteisty\u00f6ss\u00e4 TalkTools\u00ae<\/p>\n<p>Puhumattomasta lapsesta kielenk\u00e4rki\u00e4\u00e4nteisiin \u2013 \u00c4\u00e4nnesarja (5 p\u00e4iv\u00e4\u00e4)<br \/>18.04.2018\u00a0 \u00a0 \u00a0 \u00a0 \u00a0 \u00a0 \u00a0 \u00a0 \u00a0 \u00a0 \u00a0 \u00a0 \u00a0Kuinka aloitat kuntoutuksen puhumattoman lapsen kanssa<br \/>25.04.2018\u00a0 \u00a0 \u00a0 \u00a0 \u00a0 \u00a0 \u00a0 \u00a0 \u00a0 \u00a0 \u00a0 \u00a0 \u00a0Kuinka MPV -\u00e4\u00e4nteet kuntoutetaan<br \/>04.06.2018\u00a0 \u00a0 \u00a0 \u00a0 \u00a0 \u00a0 \u00a0 \u00a0 \u00a0 \u00a0 \u00a0 \u00a0 \u00a0Kuinka vokaalit kuntoutetaan<br \/>04.09.2018\u00a0 \u00a0 \u00a0 \u00a0 \u00a0 \u00a0 \u00a0 \u00a0 \u00a0 \u00a0 \u00a0 \u00a0 \u00a0Kuinka K -\u00e4\u00e4nne kuntoutetaan<br \/>22.11.2018\u00a0 \u00a0 \u00a0 \u00a0 \u00a0 \u00a0 \u00a0 \u00a0 \u00a0 \u00a0 \u00a0 \u00a0 \u00a0Kuinka RSLTND -\u00e4\u00e4nteet kuntoutetaan<\/p>\n<p style=\"font-weight: 400;\">30.5.2018\u00a0 \u00a0 \u00a0 \u00a0 \u00a0 \u00a0 \u00a0 \u00a0 \u00a0 \u00a0 \u00a0 \u00a0 \u00a0 \u00a0Ekapeli lukemaan oppimisen ja sujuvan lukemisen tukena (8h) &#8211;\u00a0Opetushallitus<\/p>\n<p>28.05.2018\u00a0\u00a0\u00a0\u00a0\u00a0\u00a0\u00a0\u00a0\u00a0\u00a0\u00a0\u00a0\u00a0\u00a0\u00a0\u00a0\u00a0\u00a0\u00a0\u00a0\u00a0\u00a0\u00a0\u00a0\u00a0L\u00e4heisen ohjaus terapiaty\u00f6ss\u00e4 (7h) \u2013 Kelan koulutuspalvelut<\/p>\n<p style=\"font-weight: 400;\">17.-18.05.2018\u00a0 \u00a0 \u00a0 \u00a0 \u00a0 \u00a0 \u00a0 \u00a0 \u00a0 Puheterapeuttip\u00e4iv\u00e4t, Arviointi puheterapiakuntoutuksen perustana(16h) \u2013 Puheterapeuttien kustannus Oy ja Puheterapeuttiliitto ry<\/p>\n<p style=\"font-weight: 400;\">16.05.2018\u00a0\u00a0\u00a0\u00a0\u00a0\u00a0\u00a0\u00a0\u00a0\u00a0\u00a0\u00a0\u00a0\u00a0\u00a0\u00a0\u00a0\u00a0\u00a0\u00a0\u00a0\u00a0\u00a0\u00a0\u00a0Puheen ymm\u00e4rt\u00e4misen kuntoutus lapsilla ja nuorilla-workshop (8h) \u2013 Sirpa Tarvainen<\/p>\n<p>15.05.2018\u00a0 \u00a0 \u00a0 \u00a0 \u00a0 \u00a0 \u00a0 \u00a0 \u00a0 \u00a0 \u00a0 \u00a0 Voimauttavan vuorovaikutuksen perusteet (8h) \u2013 Tikoteekki, Kaisa Martikainen<\/p>\n<p style=\"font-weight: 400;\">28.4.2018\u00a0 \u00a0 \u00a0 \u00a0 \u00a0 \u00a0 \u00a0 \u00a0 \u00a0 \u00a0 \u00a0 \u00a0 \u00a0 \u00a0P\u00e4\u00e4llekk\u00e4istyneet oppimisvaikeudet (8h) &#8211; Opetushallitus<\/p>\n<p style=\"font-weight: 400;\">20.04.2018\u00a0 \u00a0 \u00a0 \u00a0 \u00a0 \u00a0 \u00a0 \u00a0 \u00a0 \u00a0 \u00a0 \u00a0 Lasten puheen kuntoutuksen prosesseja casien valossa (7h) \u2013 Annukka Kuutsa<\/p>\n<h5><strong>2010-2017<\/strong><\/h5>\n<p style=\"font-weight: 400;\">27.11.2017\u00a0\u00a0\u00a0\u00a0\u00a0\u00a0\u00a0\u00a0\u00a0\u00a0\u00a0\u00a0\u00a0\u00a0\u00a0\u00a0\u00a0\u00a0\u00a0\u00a0\u00a0\u00a0\u00a0\u00a0\u00a0Osallisuuden vahvistaminen \u2013 SCA-menetelm\u00e4n hy\u00f6dynt\u00e4minen aikuisneurologiassa puheterapiaryhmiss\u00e4 (8h), Validia-kuntoutus<\/p>\n<p style=\"font-weight: 400;\">24.02.2017\u00a0\u00a0\u00a0\u00a0\u00a0\u00a0\u00a0\u00a0\u00a0\u00a0\u00a0\u00a0\u00a0\u00a0\u00a0\u00a0\u00a0\u00a0\u00a0\u00a0\u00a0\u00a0\u00a0\u00a0\u00a0K\u00e4tt\u00e4 pidemp\u00e4\u00e4 \u2013 helppojen apuv\u00e4lineiden k\u00e4ytt\u00f6 puheen kuntoutuksessa (7h), Annukka Kuutsa<\/p>\n<p style=\"font-weight: 400;\">27.-28.10.2016\u00a0\u00a0\u00a0\u00a0\u00a0\u00a0\u00a0\u00a0\u00a0\u00a0\u00a0\u00a0\u00a0\u00a0\u00a0\u00a0\u00a0\u00a0\u00a0Kipin\u00e4\u00e4 ja k\u00e4yt\u00e4nn\u00f6nideoita kuvakommunikointiin (16h), Kommunikointikeskus Kipin\u00e4 Oy<\/p>\n<p style=\"font-weight: 400;\">19.09.2016\u00a0\u00a0\u00a0\u00a0\u00a0\u00a0\u00a0\u00a0\u00a0\u00a0\u00a0\u00a0\u00a0\u00a0\u00a0\u00a0\u00a0\u00a0\u00a0\u00a0\u00a0\u00a0\u00a0\u00a0\u00a0\u00c4\u00e4nteist\u00e4 puhetta \u2013 n\u00e4k\u00f6kulmia ymp\u00e4rist\u00f6n ohjaukseen \u00e4\u00e4nteellisess\u00e4 kuntotuksessa (7h), Annukka Kuutsa ja Tuula Savinainen-Makkonen<\/p>\n<p style=\"font-weight: 400;\">13.-15.3.2014\u00a0\u00a0\u00a0\u00a0\u00a0\u00a0\u00a0\u00a0\u00a0\u00a0\u00a0\u00a0\u00a0\u00a0\u00a0\u00a0\u00a0\u00a0\u00a0\u00a0\u00a0It Takes Two to Talk \u2013 The Hanen Program for Parents (21h), The Hanen Centre; Hanen Workshop Instructor Nancy Johnson<\/p>\n<p style=\"font-weight: 400;\">31.10.2013\u00a0\u00a0\u00a0\u00a0\u00a0\u00a0\u00a0\u00a0\u00a0\u00a0\u00a0\u00a0\u00a0\u00a0\u00a0\u00a0\u00a0\u00a0\u00a0\u00a0\u00a0\u00a0\u00a0\u00a0\u00a0Lasten ja aikuisten puheen apraksia \u2013 Erotusdiagnostiikka ja kuntoutus (8h), Oulun yliopistollinen sairaala; Lasten ja nuorten vastuualue ja Oulun yliopisto<\/p>\n<p style=\"font-weight: 400;\">11.10.2013\u00a0\u00a0\u00a0\u00a0\u00a0\u00a0\u00a0\u00a0\u00a0\u00a0\u00a0\u00a0\u00a0\u00a0\u00a0\u00a0\u00a0\u00a0\u00a0\u00a0\u00a0\u00a0\u00a0\u00a0\u00a0Nime\u00e4misen kuntoutus (8h), Afasian kuntoutustutkimus ry<\/p>\n<p style=\"font-weight: 400;\">26.4.2013\u00a0\u00a0\u00a0\u00a0\u00a0\u00a0\u00a0\u00a0\u00a0\u00a0\u00a0\u00a0\u00a0\u00a0\u00a0\u00a0\u00a0\u00a0\u00a0\u00a0\u00a0\u00a0\u00a0\u00a0\u00a0\u00a0\u00a0Lasten \u00e4\u00e4nteellisten pulmien kuntoutus (8h), Tuula Savinainen-Makkonen<\/p>\n<p style=\"font-weight: 400;\">21.-22.3.2013\u00a0\u00a0\u00a0\u00a0\u00a0\u00a0\u00a0\u00a0\u00a0\u00a0\u00a0\u00a0\u00a0\u00a0\u00a0\u00a0\u00a0\u00a0\u00a0\u00a0\u00a0Puhe, kieli ja aivot (16h), Puheen ja kielen tutkimuksen yhdistyksen t\u00e4ydennyskoulutus<\/p>\n<p style=\"font-weight: 400;\">15.2.2012\u00a0\u00a0\u00a0\u00a0\u00a0\u00a0\u00a0\u00a0\u00a0\u00a0\u00a0\u00a0\u00a0\u00a0\u00a0\u00a0\u00a0\u00a0\u00a0\u00a0\u00a0\u00a0\u00a0\u00a0\u00a0\u00a0\u00a0Miten ohjaan kansion k\u00e4ytt\u00f6\u00e4 (8h), Kehitysvammaliitto ry Tikoteekki<\/p>\n<p style=\"font-weight: 400;\">10.-11.5.2012\u00a0\u00a0\u00a0\u00a0\u00a0\u00a0\u00a0\u00a0\u00a0\u00a0\u00a0\u00a0\u00a0\u00a0\u00a0\u00a0\u00a0\u00a0\u00a0\u00a0Puheterapeuttip\u00e4iv\u00e4t (16h), Aitoon vuorovaikutukseen vaihtoehtoisesti kommunikoimalla<\/p>\n<p style=\"font-weight: 400;\">13.-14.9.2012\u00a0\u00a0\u00a0\u00a0\u00a0\u00a0\u00a0\u00a0\u00a0\u00a0\u00a0\u00a0\u00a0\u00a0\u00a0\u00a0\u00a0\u00a0\u00a0\u00a0Sosiaalinen kommunikaatio: Arvioinnista toimivaan kuntoutukseen, opetukseen ja ohjaukseen (16h)<\/p>\n<p style=\"font-weight: 400;\">16.-18.06.2011\u00a0\u00a0\u00a0\u00a0\u00a0\u00a0\u00a0\u00a0\u00a0\u00a0\u00a0\u00a0\u00a0\u00a0\u00a0\u00a0\u00a0\u00a0\u00a0The 3rd Nordic Aphasia Conference, Afasian kuntoutustutkimusyhdistys ry (20h)<\/p>\n<p style=\"font-weight: 400;\">12.11.2010\u00a0\u00a0\u00a0\u00a0\u00a0\u00a0\u00a0\u00a0\u00a0\u00a0\u00a0\u00a0\u00a0\u00a0\u00a0\u00a0\u00a0\u00a0\u00a0\u00a0\u00a0\u00a0\u00a0\u00a0\u00a0\u00a0Pragmaattiset kuntoutusmenetelm\u00e4t aikuisneurologiassa, Afasian kuntoutustutkimusyhdistys ry (8h)<\/p>\n<p style=\"font-weight: 400;\">30.9.2010\u00a0\u00a0\u00a0\u00a0\u00a0\u00a0\u00a0\u00a0\u00a0\u00a0\u00a0\u00a0\u00a0\u00a0\u00a0\u00a0\u00a0\u00a0\u00a0\u00a0\u00a0\u00a0\u00a0\u00a0\u00a0\u00a0\u00a0Infektioiden torjunnan perusteet terveydenhuollossa \u2013 verkkokurssi, Suomalainen l\u00e4\u00e4k\u00e4riseura Duodecim<\/p>\n<h5 style=\"font-weight: 400;\"><strong>ARTIKKELIT JA JULKAISUT<\/strong><\/h5>\n<p style=\"font-weight: 400;\">2013\u00a0 \u00a0 \u00a0 \u00a0 \u00a0 \u00a0 \u00a0 \u00a0 \u00a0 \u00a0 \u00a0 \u00a0 \u00a0 \u00a0 \u00a0 \u00a0 \u00a0 Suullinen esitys ja artikkelijulkaisu Puheen ja kielen tutkimuksen p\u00e4ivill\u00e4: Vaikean afasian intensiivinen kielellinen kuntoutus LET-menetelm\u00e4ll\u00e4 \u2013 tapaustutkimus.<\/p>\n<p style=\"font-weight: 400;\">2011\u00a0 \u00a0 \u00a0 \u00a0 \u00a0 \u00a0 \u00a0 \u00a0 \u00a0 \u00a0 \u00a0 \u00a0 \u00a0 \u00a0 \u00a0 \u00a0 \u00a0 Vaikean afasian intensiivinen kielellinen kuntoutus LET-menetelm\u00e4ll\u00e4 &#8211; tapaustutkimus, Logopedian Pro gradu-tutkielma, Helsingin yliopisto<\/p>\n\n\n<p><\/p>\n","protected":false},"excerpt":{"rendered":"<p>Ammattitaidon kehitt\u00e4miseksi ja yll\u00e4pit\u00e4miseksi osallistun s\u00e4\u00e4nn\u00f6llisesti alamme jatko- ja t\u00e4ydennyskoulutuksiin sek\u00e4 ty\u00f6nohjaukseen. Minulla on voimassa oleva Ensiavun peruskurssi EA1 (SPR Helsinki). K\u00e4yt\u00e4n ty\u00f6ss\u00e4ni tukiviittomia ja kuvakommunikaatiota. Minulla on k\u00e4yt\u00f6ss\u00e4ni Boardmaker-ohjelma kuvakommunikaatiomateriaalin luomiseen. Alla on n\u00e4ht\u00e4vill\u00e4 suorittamani t\u00e4ydennyskoulutukset 2025 13.3.2025 \u00a0 \u00a0 \u00a0 \u00a0 \u00a0 \u00a0 \u00a0 \u00a0 \u00a0 \u00a0 \u00a0&hellip; <\/p>\n","protected":false},"author":1,"featured_media":0,"parent":0,"menu_order":0,"comment_status":"closed","ping_status":"closed","template":"","meta":{"footnotes":""},"class_list":["post-130","page","type-page","status-publish","hentry"],"_links":{"self":[{"href":"https:\/\/www.katiaholainen.fi\/index.php?rest_route=\/wp\/v2\/pages\/130","targetHints":{"allow":["GET"]}}],"collection":[{"href":"https:\/\/www.katiaholainen.fi\/index.php?rest_route=\/wp\/v2\/pages"}],"about":[{"href":"https:\/\/www.katiaholainen.fi\/index.php?rest_route=\/wp\/v2\/types\/page"}],"author":[{"embeddable":true,"href":"https:\/\/www.katiaholainen.fi\/index.php?rest_route=\/wp\/v2\/users\/1"}],"replies":[{"embeddable":true,"href":"https:\/\/www.katiaholainen.fi\/index.php?rest_route=%2Fwp%2Fv2%2Fcomments&post=130"}],"version-history":[{"count":108,"href":"https:\/\/www.katiaholainen.fi\/index.php?rest_route=\/wp\/v2\/pages\/130\/revisions"}],"predecessor-version":[{"id":470,"href":"https:\/\/www.katiaholainen.fi\/index.php?rest_route=\/wp\/v2\/pages\/130\/revisions\/470"}],"wp:attachment":[{"href":"https:\/\/www.katiaholainen.fi\/index.php?rest_route=%2Fwp%2Fv2%2Fmedia&parent=130"}],"curies":[{"name":"wp","href":"https:\/\/api.w.org\/{rel}","templated":true}]}}