{"id":21,"date":"2018-04-13T12:16:16","date_gmt":"2018-04-13T10:16:16","guid":{"rendered":"http:\/\/www.katiaholainen.fi\/?page_id=21"},"modified":"2025-03-20T11:54:02","modified_gmt":"2025-03-20T09:54:02","slug":"milloin-puheterapiaan","status":"publish","type":"page","link":"https:\/\/www.katiaholainen.fi\/?page_id=21","title":{"rendered":""},"content":{"rendered":"<p><a href=\"https:\/\/www.katiaholainen.fi\/wp-content\/uploads\/2019\/08\/LKP_8977-Edit.jpg\"><img loading=\"lazy\" decoding=\"async\" class=\"wp-image-277 alignnone\" src=\"https:\/\/www.katiaholainen.fi\/wp-content\/uploads\/2019\/08\/LKP_8977-Edit.jpg\" alt=\"\" width=\"300\" height=\"449\" srcset=\"https:\/\/www.katiaholainen.fi\/wp-content\/uploads\/2019\/08\/LKP_8977-Edit.jpg 1024w, https:\/\/www.katiaholainen.fi\/wp-content\/uploads\/2019\/08\/LKP_8977-Edit-200x300.jpg 200w, https:\/\/www.katiaholainen.fi\/wp-content\/uploads\/2019\/08\/LKP_8977-Edit-768x1151.jpg 768w, https:\/\/www.katiaholainen.fi\/wp-content\/uploads\/2019\/08\/LKP_8977-Edit-684x1024.jpg 684w\" sizes=\"auto, (max-width: 300px) 100vw, 300px\" \/><\/a><\/p>\n<p><strong>Puheterapia Kati Aholainen<\/strong><br \/>\npuh: +358 45 674 0095<br \/>\npuheterapia.kati.aholainen(at)gmail.com<br \/>\nY-tunnus: 2584764-6<br \/>\nToiminut yksityisen\u00e4 elinkeinoharjoittajana vuodesta 2014 l\u00e4htien.<\/p>\n<p><em><a href=\"https:\/\/kuntoutusyrittajat.fi\/\" target=\"_blank\" rel=\"noopener\">Suomen Kuntoutusyritt\u00e4j\u00e4t ry<\/a>:n j\u00e4sen ja Aluehallintoviraston ja\/tai Valviran valvoma kuntoutusyritys<\/em><\/p>\n<p><a href=\"https:\/\/www.katiaholainen.fi\/wp-content\/uploads\/2025\/03\/tarra2025-scaled.jpg\"><img loading=\"lazy\" decoding=\"async\" class=\"alignnone wp-image-455 size-thumbnail\" src=\"https:\/\/www.katiaholainen.fi\/wp-content\/uploads\/2025\/03\/tarra2025-150x150.jpg\" alt=\"\" width=\"150\" height=\"150\" \/><\/a><\/p>\n<p><img loading=\"lazy\" decoding=\"async\" class=\"alignnone wp-image-458 size-medium\" src=\"https:\/\/www.katiaholainen.fi\/wp-content\/uploads\/2025\/03\/logo2025-207x300.png\" alt=\"\" width=\"207\" height=\"300\" srcset=\"https:\/\/www.katiaholainen.fi\/wp-content\/uploads\/2025\/03\/logo2025-207x300.png 207w, https:\/\/www.katiaholainen.fi\/wp-content\/uploads\/2025\/03\/logo2025-708x1024.png 708w, https:\/\/www.katiaholainen.fi\/wp-content\/uploads\/2025\/03\/logo2025-768x1112.png 768w, https:\/\/www.katiaholainen.fi\/wp-content\/uploads\/2025\/03\/logo2025-1061x1536.png 1061w, https:\/\/www.katiaholainen.fi\/wp-content\/uploads\/2025\/03\/logo2025-1415x2048.png 1415w, https:\/\/www.katiaholainen.fi\/wp-content\/uploads\/2025\/03\/logo2025.png 1679w\" sizes=\"auto, (max-width: 207px) 100vw, 207px\" \/><\/p>\n<p><a href=\"https:\/\/www.katiaholainen.fi\/wp-content\/uploads\/2018\/04\/Kati_A_Logo.png\"><img loading=\"lazy\" decoding=\"async\" class=\"size-medium wp-image-7 alignleft\" src=\"https:\/\/www.katiaholainen.fi\/wp-content\/uploads\/2018\/04\/Kati_A_Logo-300x98.png\" alt=\"\" width=\"300\" height=\"98\" srcset=\"https:\/\/www.katiaholainen.fi\/wp-content\/uploads\/2018\/04\/Kati_A_Logo-300x98.png 300w, https:\/\/www.katiaholainen.fi\/wp-content\/uploads\/2018\/04\/Kati_A_Logo-768x251.png 768w, https:\/\/www.katiaholainen.fi\/wp-content\/uploads\/2018\/04\/Kati_A_Logo-1024x334.png 1024w\" sizes=\"auto, (max-width: 300px) 100vw, 300px\" \/><\/a><\/p>\n","protected":false},"excerpt":{"rendered":"<p>Puheterapia Kati Aholainen puh: +358 45 674 0095 puheterapia.kati.aholainen(at)gmail.com Y-tunnus: 2584764-6 Toiminut yksityisen\u00e4 elinkeinoharjoittajana vuodesta 2014 l\u00e4htien. Suomen Kuntoutusyritt\u00e4j\u00e4t ry:n j\u00e4sen ja Aluehallintoviraston ja\/tai Valviran valvoma kuntoutusyritys<\/p>\n","protected":false},"author":1,"featured_media":0,"parent":0,"menu_order":0,"comment_status":"closed","ping_status":"closed","template":"","meta":{"footnotes":""},"class_list":["post-21","page","type-page","status-publish","hentry"],"_links":{"self":[{"href":"https:\/\/www.katiaholainen.fi\/index.php?rest_route=\/wp\/v2\/pages\/21","targetHints":{"allow":["GET"]}}],"collection":[{"href":"https:\/\/www.katiaholainen.fi\/index.php?rest_route=\/wp\/v2\/pages"}],"about":[{"href":"https:\/\/www.katiaholainen.fi\/index.php?rest_route=\/wp\/v2\/types\/page"}],"author":[{"embeddable":true,"href":"https:\/\/www.katiaholainen.fi\/index.php?rest_route=\/wp\/v2\/users\/1"}],"replies":[{"embeddable":true,"href":"https:\/\/www.katiaholainen.fi\/index.php?rest_route=%2Fwp%2Fv2%2Fcomments&post=21"}],"version-history":[{"count":56,"href":"https:\/\/www.katiaholainen.fi\/index.php?rest_route=\/wp\/v2\/pages\/21\/revisions"}],"predecessor-version":[{"id":463,"href":"https:\/\/www.katiaholainen.fi\/index.php?rest_route=\/wp\/v2\/pages\/21\/revisions\/463"}],"wp:attachment":[{"href":"https:\/\/www.katiaholainen.fi\/index.php?rest_route=%2Fwp%2Fv2%2Fmedia&parent=21"}],"curies":[{"name":"wp","href":"https:\/\/api.w.org\/{rel}","templated":true}]}}